{"id":58,"date":"2025-12-05T12:37:55","date_gmt":"2025-12-05T12:37:55","guid":{"rendered":"https:\/\/vincentie.hvawordpress8.nl\/?page_id=58"},"modified":"2025-12-05T12:37:55","modified_gmt":"2025-12-05T12:37:55","slug":"inspiratie-praktisch-en-functioneel-wonen-bruinzeker","status":"publish","type":"page","link":"https:\/\/vincentie.hvawordpress8.nl\/?page_id=58","title":{"rendered":"Inspiratie, praktisch en functioneel wonen | Bruinzeker"},"content":{"rendered":"\n<p>Inspiratie, praktisch en functioneel wonen komen in deze titelpagina samen in \u00e9\u00e9n verhaal. Bruinzeker Keukens helpt jonge huishoudens een keuken te cre\u00ebren die past bij hun drukke leven: stijlvol, slim ingedeeld en klaar voor elke dag. Of je nu weinig ruimte hebt of juist een leefkeuken wilt, de focus ligt op slimme opbergruimte, doordachte looproutes en handige oplossingen die koken, werken en samenzijn makkelijker maken.<\/p>\n\n\n\n<p>Op deze pagina vind je idee\u00ebn voor kleuren, materialen en indelingen die jaren meegaan en toch met je levensfase kunnen meegroeien. Van compacte stadskeuken tot gezinskeuken met plek voor huiswerk en etentjes met vrienden: je ziet hoe je inspiratie vertaalt naar een praktische, functionele keuken die \u00e9cht werkt voor jouw dagelijkse routine.<\/p>\n","protected":false},"excerpt":{"rendered":"<p>Inspiratie, praktisch en functioneel wonen komen in deze titelpagina samen in \u00e9\u00e9n verhaal. Bruinzeker Keukens helpt jonge huishoudens een keuken te cre\u00ebren die past bij hun drukke leven: stijlvol, slim ingedeeld en klaar voor elke dag. Of je nu weinig ruimte hebt of juist een leefkeuken wilt, de focus ligt op slimme opbergruimte, doordachte looproutes [&hellip;]<\/p>\n","protected":false},"author":1,"featured_media":0,"parent":0,"menu_order":0,"comment_status":"closed","ping_status":"closed","template":"","meta":{"footnotes":""},"class_list":["post-58","page","type-page","status-publish","hentry"],"yoast_head":"<!-- This site is optimized with the Yoast SEO plugin v26.5 - https:\/\/yoast.com\/wordpress\/plugins\/seo\/ -->\n<title>Inspiratie, praktisch en functioneel wonen | Bruinzeker - Bruinzeker keuken<\/title>\n<meta name=\"robots\" content=\"index, follow, max-snippet:-1, max-image-preview:large, max-video-preview:-1\" \/>\n<link rel=\"canonical\" href=\"https:\/\/vincentie.hvawordpress8.nl\/?page_id=58\" \/>\n<meta property=\"og:locale\" content=\"nl_NL\" \/>\n<meta property=\"og:type\" content=\"article\" \/>\n<meta property=\"og:title\" content=\"Inspiratie, praktisch en functioneel wonen | Bruinzeker - Bruinzeker keuken\" \/>\n<meta property=\"og:description\" content=\"Inspiratie, praktisch en functioneel wonen komen in deze titelpagina samen in \u00e9\u00e9n verhaal. Bruinzeker Keukens helpt jonge huishoudens een keuken te cre\u00ebren die past bij hun drukke leven: stijlvol, slim ingedeeld en klaar voor elke dag. Of je nu weinig ruimte hebt of juist een leefkeuken wilt, de focus ligt op slimme opbergruimte, doordachte looproutes [&hellip;]\" \/>\n<meta property=\"og:url\" content=\"https:\/\/vincentie.hvawordpress8.nl\/?page_id=58\" \/>\n<meta property=\"og:site_name\" content=\"Bruinzeker keuken\" \/>\n<meta name=\"twitter:card\" content=\"summary_large_image\" \/>\n<meta name=\"twitter:label1\" content=\"Geschatte leestijd\" \/>\n\t<meta name=\"twitter:data1\" content=\"1 minuut\" \/>\n<script type=\"application\/ld+json\" class=\"yoast-schema-graph\">{\"@context\":\"https:\/\/schema.org\",\"@graph\":[{\"@type\":\"WebPage\",\"@id\":\"https:\/\/vincentie.hvawordpress8.nl\/?page_id=58\",\"url\":\"https:\/\/vincentie.hvawordpress8.nl\/?page_id=58\",\"name\":\"Inspiratie, praktisch en functioneel wonen | Bruinzeker - Bruinzeker keuken\",\"isPartOf\":{\"@id\":\"https:\/\/vincentie.hvawordpress8.nl\/#website\"},\"datePublished\":\"2025-12-05T12:37:55+00:00\",\"breadcrumb\":{\"@id\":\"https:\/\/vincentie.hvawordpress8.nl\/?page_id=58#breadcrumb\"},\"inLanguage\":\"nl-NL\",\"potentialAction\":[{\"@type\":\"ReadAction\",\"target\":[\"https:\/\/vincentie.hvawordpress8.nl\/?page_id=58\"]}]},{\"@type\":\"BreadcrumbList\",\"@id\":\"https:\/\/vincentie.hvawordpress8.nl\/?page_id=58#breadcrumb\",\"itemListElement\":[{\"@type\":\"ListItem\",\"position\":1,\"name\":\"Home\",\"item\":\"https:\/\/vincentie.hvawordpress8.nl\/\"},{\"@type\":\"ListItem\",\"position\":2,\"name\":\"Inspiratie, praktisch en functioneel wonen | Bruinzeker\"}]},{\"@type\":\"WebSite\",\"@id\":\"https:\/\/vincentie.hvawordpress8.nl\/#website\",\"url\":\"https:\/\/vincentie.hvawordpress8.nl\/\",\"name\":\"Bruinzeker keuken\",\"description\":\"Kies voor kwaliteit wees bruinzeker!\",\"publisher\":{\"@id\":\"https:\/\/vincentie.hvawordpress8.nl\/#organization\"},\"potentialAction\":[{\"@type\":\"SearchAction\",\"target\":{\"@type\":\"EntryPoint\",\"urlTemplate\":\"https:\/\/vincentie.hvawordpress8.nl\/?s={search_term_string}\"},\"query-input\":{\"@type\":\"PropertyValueSpecification\",\"valueRequired\":true,\"valueName\":\"search_term_string\"}}],\"inLanguage\":\"nl-NL\"},{\"@type\":\"Organization\",\"@id\":\"https:\/\/vincentie.hvawordpress8.nl\/#organization\",\"name\":\"Bruinzeker keuken\",\"url\":\"https:\/\/vincentie.hvawordpress8.nl\/\",\"logo\":{\"@type\":\"ImageObject\",\"inLanguage\":\"nl-NL\",\"@id\":\"https:\/\/vincentie.hvawordpress8.nl\/#\/schema\/logo\/image\/\",\"url\":\"https:\/\/vincentie.hvawordpress8.nl\/wp-content\/uploads\/2025\/12\/Bruinzeker-keukens-logo.jpg\",\"contentUrl\":\"https:\/\/vincentie.hvawordpress8.nl\/wp-content\/uploads\/2025\/12\/Bruinzeker-keukens-logo.jpg\",\"width\":1024,\"height\":559,\"caption\":\"Bruinzeker keuken\"},\"image\":{\"@id\":\"https:\/\/vincentie.hvawordpress8.nl\/#\/schema\/logo\/image\/\"}}]}<\/script>\n<!-- \/ Yoast SEO plugin. -->","yoast_head_json":{"title":"Inspiratie, praktisch en functioneel wonen | Bruinzeker - Bruinzeker keuken","robots":{"index":"index","follow":"follow","max-snippet":"max-snippet:-1","max-image-preview":"max-image-preview:large","max-video-preview":"max-video-preview:-1"},"canonical":"https:\/\/vincentie.hvawordpress8.nl\/?page_id=58","og_locale":"nl_NL","og_type":"article","og_title":"Inspiratie, praktisch en functioneel wonen | Bruinzeker - Bruinzeker keuken","og_description":"Inspiratie, praktisch en functioneel wonen komen in deze titelpagina samen in \u00e9\u00e9n verhaal. Bruinzeker Keukens helpt jonge huishoudens een keuken te cre\u00ebren die past bij hun drukke leven: stijlvol, slim ingedeeld en klaar voor elke dag. Of je nu weinig ruimte hebt of juist een leefkeuken wilt, de focus ligt op slimme opbergruimte, doordachte looproutes [&hellip;]","og_url":"https:\/\/vincentie.hvawordpress8.nl\/?page_id=58","og_site_name":"Bruinzeker keuken","twitter_card":"summary_large_image","twitter_misc":{"Geschatte leestijd":"1 minuut"},"schema":{"@context":"https:\/\/schema.org","@graph":[{"@type":"WebPage","@id":"https:\/\/vincentie.hvawordpress8.nl\/?page_id=58","url":"https:\/\/vincentie.hvawordpress8.nl\/?page_id=58","name":"Inspiratie, praktisch en functioneel wonen | Bruinzeker - Bruinzeker keuken","isPartOf":{"@id":"https:\/\/vincentie.hvawordpress8.nl\/#website"},"datePublished":"2025-12-05T12:37:55+00:00","breadcrumb":{"@id":"https:\/\/vincentie.hvawordpress8.nl\/?page_id=58#breadcrumb"},"inLanguage":"nl-NL","potentialAction":[{"@type":"ReadAction","target":["https:\/\/vincentie.hvawordpress8.nl\/?page_id=58"]}]},{"@type":"BreadcrumbList","@id":"https:\/\/vincentie.hvawordpress8.nl\/?page_id=58#breadcrumb","itemListElement":[{"@type":"ListItem","position":1,"name":"Home","item":"https:\/\/vincentie.hvawordpress8.nl\/"},{"@type":"ListItem","position":2,"name":"Inspiratie, praktisch en functioneel wonen | Bruinzeker"}]},{"@type":"WebSite","@id":"https:\/\/vincentie.hvawordpress8.nl\/#website","url":"https:\/\/vincentie.hvawordpress8.nl\/","name":"Bruinzeker keuken","description":"Kies voor kwaliteit wees bruinzeker!","publisher":{"@id":"https:\/\/vincentie.hvawordpress8.nl\/#organization"},"potentialAction":[{"@type":"SearchAction","target":{"@type":"EntryPoint","urlTemplate":"https:\/\/vincentie.hvawordpress8.nl\/?s={search_term_string}"},"query-input":{"@type":"PropertyValueSpecification","valueRequired":true,"valueName":"search_term_string"}}],"inLanguage":"nl-NL"},{"@type":"Organization","@id":"https:\/\/vincentie.hvawordpress8.nl\/#organization","name":"Bruinzeker keuken","url":"https:\/\/vincentie.hvawordpress8.nl\/","logo":{"@type":"ImageObject","inLanguage":"nl-NL","@id":"https:\/\/vincentie.hvawordpress8.nl\/#\/schema\/logo\/image\/","url":"https:\/\/vincentie.hvawordpress8.nl\/wp-content\/uploads\/2025\/12\/Bruinzeker-keukens-logo.jpg","contentUrl":"https:\/\/vincentie.hvawordpress8.nl\/wp-content\/uploads\/2025\/12\/Bruinzeker-keukens-logo.jpg","width":1024,"height":559,"caption":"Bruinzeker keuken"},"image":{"@id":"https:\/\/vincentie.hvawordpress8.nl\/#\/schema\/logo\/image\/"}}]}},"_links":{"self":[{"href":"https:\/\/vincentie.hvawordpress8.nl\/index.php?rest_route=\/wp\/v2\/pages\/58","targetHints":{"allow":["GET"]}}],"collection":[{"href":"https:\/\/vincentie.hvawordpress8.nl\/index.php?rest_route=\/wp\/v2\/pages"}],"about":[{"href":"https:\/\/vincentie.hvawordpress8.nl\/index.php?rest_route=\/wp\/v2\/types\/page"}],"author":[{"embeddable":true,"href":"https:\/\/vincentie.hvawordpress8.nl\/index.php?rest_route=\/wp\/v2\/users\/1"}],"replies":[{"embeddable":true,"href":"https:\/\/vincentie.hvawordpress8.nl\/index.php?rest_route=%2Fwp%2Fv2%2Fcomments&post=58"}],"version-history":[{"count":1,"href":"https:\/\/vincentie.hvawordpress8.nl\/index.php?rest_route=\/wp\/v2\/pages\/58\/revisions"}],"predecessor-version":[{"id":59,"href":"https:\/\/vincentie.hvawordpress8.nl\/index.php?rest_route=\/wp\/v2\/pages\/58\/revisions\/59"}],"wp:attachment":[{"href":"https:\/\/vincentie.hvawordpress8.nl\/index.php?rest_route=%2Fwp%2Fv2%2Fmedia&parent=58"}],"curies":[{"name":"wp","href":"https:\/\/api.w.org\/{rel}","templated":true}]}}